{"id":4956,"date":"2023-08-25T08:54:23","date_gmt":"2023-08-25T07:54:23","guid":{"rendered":"https:\/\/www.neoloisirs.com\/?post_type=product&#038;p=4956"},"modified":"2026-02-11T11:10:56","modified_gmt":"2026-02-11T10:10:56","slug":"w460-metallic","status":"publish","type":"product","link":"https:\/\/www.neoloisirs.com\/en\/product\/w460-metallic\/","title":{"rendered":"Generic W460ST Projector Lamp with metallic structure"},"content":{"rendered":"<p>Generic W460ST Projector Lamp with metallic structure<\/p>\n<p>For <span style=\"color: #800080;\"><strong>INTERACTIVE LANES<\/strong><\/span><\/p>\n<p><em>Lampe de projecteur g\u00e9n\u00e9rique W460ST avec structure m\u00e9tallique<\/em><\/p>\n<p><em><strong>REF &#8212;<\/strong><\/em><\/p>","protected":false},"excerpt":{"rendered":"<p><em><strong>REF &#8212;<\/strong><\/em><\/p>","protected":false},"featured_media":4959,"template":"","meta":{"_monsterinsights_skip_tracking":false,"_monsterinsights_sitenote_active":false,"_monsterinsights_sitenote_note":"","_monsterinsights_sitenote_category":0},"product_brand":[],"product_cat":[70],"product_tag":[],"class_list":{"0":"post-4956","1":"product","2":"type-product","3":"status-publish","4":"has-post-thumbnail","6":"product_cat-projections-sur-pistes","8":"first","9":"outofstock","10":"taxable","11":"shipping-taxable","12":"purchasable","13":"product-type-simple"},"supplier_id":null,"supplier_sku":"","barcode":null,"atum_controlled":true,"out_stock_date":"2026-02-11 11:10:57","out_stock_threshold":null,"inheritable":false,"inbound_stock":0,"stock_on_hold":0,"sold_today":0,"sales_last_days":0,"reserved_stock":0,"customer_returns":0,"warehouse_damage":0,"lost_in_post":0,"other_logs":0,"out_stock_days":0,"lost_sales":0,"has_location":false,"update_date":"2026-02-11T10:11:01","atum_locations":[],"atum_stock_status":"outofstock","restock_status":false,"low_stock_amount":"","sales_update_date":"2026-02-11T10:10:28","calc_backorders":null,"mi_inventories":[],"multi_inventory":"global","inventory_sorting_mode":"global","inventory_iteration":"global","expirable_inventories":"global","price_per_inventory":"global","show_write_off_inventories":"global","selectable_inventories":"global","selectable_inventories_mode":"global","_links":{"self":[{"href":"https:\/\/www.neoloisirs.com\/en\/wp-json\/wp\/v2\/product\/4956","targetHints":{"allow":["GET"]}}],"collection":[{"href":"https:\/\/www.neoloisirs.com\/en\/wp-json\/wp\/v2\/product"}],"about":[{"href":"https:\/\/www.neoloisirs.com\/en\/wp-json\/wp\/v2\/types\/product"}],"wp:featuredmedia":[{"embeddable":true,"href":"https:\/\/www.neoloisirs.com\/en\/wp-json\/wp\/v2\/media\/4959"}],"wp:attachment":[{"href":"https:\/\/www.neoloisirs.com\/en\/wp-json\/wp\/v2\/media?parent=4956"}],"wp:term":[{"taxonomy":"product_brand","embeddable":true,"href":"https:\/\/www.neoloisirs.com\/en\/wp-json\/wp\/v2\/product_brand?post=4956"},{"taxonomy":"product_cat","embeddable":true,"href":"https:\/\/www.neoloisirs.com\/en\/wp-json\/wp\/v2\/product_cat?post=4956"},{"taxonomy":"product_tag","embeddable":true,"href":"https:\/\/www.neoloisirs.com\/en\/wp-json\/wp\/v2\/product_tag?post=4956"}],"curies":[{"name":"wp","href":"https:\/\/api.w.org\/{rel}","templated":true}]}}