{"id":4957,"date":"2023-08-25T08:57:35","date_gmt":"2023-08-25T07:57:35","guid":{"rendered":"https:\/\/www.neoloisirs.com\/?post_type=product&#038;p=4957"},"modified":"2026-01-06T10:51:18","modified_gmt":"2026-01-06T09:51:18","slug":"w460","status":"publish","type":"product","link":"https:\/\/www.neoloisirs.com\/en\/product\/w460\/","title":{"rendered":"Generic W460ST Projector Lamp"},"content":{"rendered":"<div class=\"woocommerce\"><div class=\"woocommerce-info pms-woo-restriction-message pms-woo-restricted-product-purchasing-message\"><p>Vous devez \u00eatre connect\u00e9 pour acc\u00e9der \u00e0 la boutique en ligne.<\/p>\n<p>Pour vous connecter, cliquer sur <a href=\"https:\/\/www.neoloisirs.com\/en\/connexion\/\">CE LIEN<\/a><\/p>\n<\/div><\/div>","protected":false},"excerpt":{"rendered":"<p><em><strong>REF &#8212;<\/strong><\/em><\/p>","protected":false},"featured_media":4960,"template":"","meta":{"_monsterinsights_skip_tracking":false,"_monsterinsights_sitenote_active":false,"_monsterinsights_sitenote_note":"","_monsterinsights_sitenote_category":0},"product_brand":[],"product_cat":[70],"product_tag":[],"class_list":{"0":"post-4957","1":"product","2":"type-product","3":"status-publish","4":"has-post-thumbnail","6":"product_cat-projections-sur-pistes","8":"first","9":"outofstock","10":"taxable","11":"shipping-taxable","12":"product-type-simple"},"supplier_id":null,"supplier_sku":"","barcode":null,"atum_controlled":true,"out_stock_date":null,"out_stock_threshold":null,"inheritable":false,"inbound_stock":0,"stock_on_hold":0,"sold_today":0,"sales_last_days":0,"reserved_stock":0,"customer_returns":0,"warehouse_damage":0,"lost_in_post":0,"other_logs":0,"out_stock_days":0,"lost_sales":0,"has_location":false,"update_date":"2026-01-29T13:21:30","atum_locations":[],"atum_stock_status":"outofstock","restock_status":false,"low_stock_amount":"","sales_update_date":"2026-01-29T13:21:30","calc_backorders":null,"mi_inventories":[],"multi_inventory":"global","inventory_sorting_mode":"global","inventory_iteration":"global","expirable_inventories":"global","price_per_inventory":"global","show_write_off_inventories":"global","selectable_inventories":"global","selectable_inventories_mode":"global","_links":{"self":[{"href":"https:\/\/www.neoloisirs.com\/en\/wp-json\/wp\/v2\/product\/4957","targetHints":{"allow":["GET"]}}],"collection":[{"href":"https:\/\/www.neoloisirs.com\/en\/wp-json\/wp\/v2\/product"}],"about":[{"href":"https:\/\/www.neoloisirs.com\/en\/wp-json\/wp\/v2\/types\/product"}],"wp:featuredmedia":[{"embeddable":true,"href":"https:\/\/www.neoloisirs.com\/en\/wp-json\/wp\/v2\/media\/4960"}],"wp:attachment":[{"href":"https:\/\/www.neoloisirs.com\/en\/wp-json\/wp\/v2\/media?parent=4957"}],"wp:term":[{"taxonomy":"product_brand","embeddable":true,"href":"https:\/\/www.neoloisirs.com\/en\/wp-json\/wp\/v2\/product_brand?post=4957"},{"taxonomy":"product_cat","embeddable":true,"href":"https:\/\/www.neoloisirs.com\/en\/wp-json\/wp\/v2\/product_cat?post=4957"},{"taxonomy":"product_tag","embeddable":true,"href":"https:\/\/www.neoloisirs.com\/en\/wp-json\/wp\/v2\/product_tag?post=4957"}],"curies":[{"name":"wp","href":"https:\/\/api.w.org\/{rel}","templated":true}]}}