{"id":4992,"date":"2023-08-31T11:16:19","date_gmt":"2023-08-31T10:16:19","guid":{"rendered":"https:\/\/www.neoloisirs.com\/?post_type=product&#038;p=4992"},"modified":"2026-01-06T14:36:15","modified_gmt":"2026-01-06T13:36:15","slug":"sac-anniversaire-x150-pour-kit-metropolis-bowling-laser","status":"publish","type":"product","link":"https:\/\/www.neoloisirs.com\/en\/product\/sac-anniversaire-x150-pour-kit-metropolis-bowling-laser\/","title":{"rendered":"Sac Anniversaire x150 pour Kit &#8211; M\u00e9tropolis Bowling Laser"},"content":{"rendered":"<p>Sac Anniversaire pour Kit &#8211; R\u00e9serv\u00e9 M\u00e9tropolis Bowling Laser<\/p>\n<p>Carton de 150 sacs anniversaire<\/p>","protected":false},"excerpt":{"rendered":"<p>Sac Anniversaire pour Kit &#8211; R\u00e9serv\u00e9 M\u00e9tropolis Bowling Laser Carton de 150 sacs anniversaire<\/p>","protected":false},"featured_media":4993,"template":"","meta":{"_monsterinsights_skip_tracking":false,"_monsterinsights_sitenote_active":false,"_monsterinsights_sitenote_note":"","_monsterinsights_sitenote_category":0},"product_brand":[],"product_cat":[71],"product_tag":[],"class_list":{"0":"post-4992","1":"product","2":"type-product","3":"status-publish","4":"has-post-thumbnail","6":"product_cat-metropolis","8":"first","9":"instock","10":"taxable","11":"shipping-taxable","12":"product-type-simple"},"supplier_id":null,"supplier_sku":"","barcode":null,"atum_controlled":true,"out_stock_date":null,"out_stock_threshold":null,"inheritable":false,"inbound_stock":0,"stock_on_hold":0,"sold_today":0,"sales_last_days":0,"reserved_stock":0,"customer_returns":0,"warehouse_damage":0,"lost_in_post":0,"other_logs":0,"out_stock_days":0,"lost_sales":0,"has_location":false,"update_date":"2026-01-29T13:21:30","atum_locations":[],"atum_stock_status":"instock","restock_status":false,"low_stock_amount":"","sales_update_date":"2026-01-29T13:21:30","calc_backorders":null,"mi_inventories":[],"multi_inventory":"global","inventory_sorting_mode":"global","inventory_iteration":"global","expirable_inventories":"global","price_per_inventory":"global","show_write_off_inventories":"global","selectable_inventories":"global","selectable_inventories_mode":"global","_links":{"self":[{"href":"https:\/\/www.neoloisirs.com\/en\/wp-json\/wp\/v2\/product\/4992","targetHints":{"allow":["GET"]}}],"collection":[{"href":"https:\/\/www.neoloisirs.com\/en\/wp-json\/wp\/v2\/product"}],"about":[{"href":"https:\/\/www.neoloisirs.com\/en\/wp-json\/wp\/v2\/types\/product"}],"wp:featuredmedia":[{"embeddable":true,"href":"https:\/\/www.neoloisirs.com\/en\/wp-json\/wp\/v2\/media\/4993"}],"wp:attachment":[{"href":"https:\/\/www.neoloisirs.com\/en\/wp-json\/wp\/v2\/media?parent=4992"}],"wp:term":[{"taxonomy":"product_brand","embeddable":true,"href":"https:\/\/www.neoloisirs.com\/en\/wp-json\/wp\/v2\/product_brand?post=4992"},{"taxonomy":"product_cat","embeddable":true,"href":"https:\/\/www.neoloisirs.com\/en\/wp-json\/wp\/v2\/product_cat?post=4992"},{"taxonomy":"product_tag","embeddable":true,"href":"https:\/\/www.neoloisirs.com\/en\/wp-json\/wp\/v2\/product_tag?post=4992"}],"curies":[{"name":"wp","href":"https:\/\/api.w.org\/{rel}","templated":true}]}}