{"id":5163,"date":"2023-12-06T11:10:56","date_gmt":"2023-12-06T10:10:56","guid":{"rendered":"https:\/\/www.neoloisirs.com\/?post_type=product&#038;p=5163"},"modified":"2024-11-29T11:18:41","modified_gmt":"2024-11-29T10:18:41","slug":"cheque-cadeau-enveloppe-metropolis-qte-x500","status":"publish","type":"product","link":"https:\/\/www.neoloisirs.com\/en\/product\/cheque-cadeau-enveloppe-metropolis-qte-x500\/","title":{"rendered":"Ch\u00e8que Cadeau + Enveloppe Metropolis (qt\u00e9 2&#215;500)"},"content":{"rendered":"<p>Ch\u00e8que Cadeau + Enveloppe Metropolis (qt\u00e9 x500)<\/p>\n<p>500 ch\u00e8ques cadeaux + 500 enveloppes<\/p>\n<p>C08<\/p>","protected":false},"excerpt":{"rendered":"<p>Ch\u00e8que Cadeau + Enveloppe Metropolis (qt\u00e9 x500) 500 ch\u00e8ques cadeaux + 500 enveloppes C08<\/p>","protected":false},"featured_media":5164,"template":"","meta":{"_monsterinsights_skip_tracking":false,"_monsterinsights_sitenote_active":false,"_monsterinsights_sitenote_note":"","_monsterinsights_sitenote_category":0},"product_brand":[],"product_cat":[71],"product_tag":[],"class_list":{"0":"post-5163","1":"product","2":"type-product","3":"status-publish","4":"has-post-thumbnail","6":"product_cat-metropolis","8":"first","9":"instock","10":"taxable","11":"shipping-taxable","12":"purchasable","13":"product-type-simple"},"supplier_id":null,"supplier_sku":"","barcode":null,"atum_controlled":true,"out_stock_date":null,"out_stock_threshold":null,"inheritable":false,"inbound_stock":0,"stock_on_hold":0,"sold_today":0,"sales_last_days":0,"reserved_stock":0,"customer_returns":0,"warehouse_damage":0,"lost_in_post":0,"other_logs":0,"out_stock_days":0,"lost_sales":0,"has_location":false,"update_date":"2026-03-09T09:16:33","atum_locations":[],"atum_stock_status":"instock","restock_status":false,"low_stock_amount":"","sales_update_date":"2026-03-09T09:16:33","calc_backorders":null,"mi_inventories":[],"multi_inventory":"global","inventory_sorting_mode":"global","inventory_iteration":"global","expirable_inventories":"global","price_per_inventory":"global","show_write_off_inventories":"global","selectable_inventories":"global","selectable_inventories_mode":"global","_links":{"self":[{"href":"https:\/\/www.neoloisirs.com\/en\/wp-json\/wp\/v2\/product\/5163","targetHints":{"allow":["GET"]}}],"collection":[{"href":"https:\/\/www.neoloisirs.com\/en\/wp-json\/wp\/v2\/product"}],"about":[{"href":"https:\/\/www.neoloisirs.com\/en\/wp-json\/wp\/v2\/types\/product"}],"wp:featuredmedia":[{"embeddable":true,"href":"https:\/\/www.neoloisirs.com\/en\/wp-json\/wp\/v2\/media\/5164"}],"wp:attachment":[{"href":"https:\/\/www.neoloisirs.com\/en\/wp-json\/wp\/v2\/media?parent=5163"}],"wp:term":[{"taxonomy":"product_brand","embeddable":true,"href":"https:\/\/www.neoloisirs.com\/en\/wp-json\/wp\/v2\/product_brand?post=5163"},{"taxonomy":"product_cat","embeddable":true,"href":"https:\/\/www.neoloisirs.com\/en\/wp-json\/wp\/v2\/product_cat?post=5163"},{"taxonomy":"product_tag","embeddable":true,"href":"https:\/\/www.neoloisirs.com\/en\/wp-json\/wp\/v2\/product_tag?post=5163"}],"curies":[{"name":"wp","href":"https:\/\/api.w.org\/{rel}","templated":true}]}}