{"id":6402,"date":"2025-02-17T10:18:37","date_gmt":"2025-02-17T09:18:37","guid":{"rendered":"https:\/\/www.neoloisirs.com\/?post_type=product&#038;p=6402"},"modified":"2025-02-17T10:24:54","modified_gmt":"2025-02-17T09:24:54","slug":"flyer-depliant-qte-x500","status":"publish","type":"product","link":"https:\/\/www.neoloisirs.com\/en\/product\/flyer-depliant-qte-x500\/","title":{"rendered":"Flyer D\u00e9pliant (qt\u00e9 x500)"},"content":{"rendered":"<p>Flyer D\u00e9pliant g\u00e9n\u00e9raliste centre Metropolis (qt\u00e9 x500)<\/p>","protected":false},"excerpt":{"rendered":"<p>Flyer D\u00e9pliant g\u00e9n\u00e9raliste centre Metropolis (qt\u00e9 x500)<\/p>","protected":false},"featured_media":6403,"template":"","meta":{"_monsterinsights_skip_tracking":false,"_monsterinsights_sitenote_active":false,"_monsterinsights_sitenote_note":"","_monsterinsights_sitenote_category":0},"product_brand":[],"product_cat":[71],"product_tag":[],"class_list":{"0":"post-6402","1":"product","2":"type-product","3":"status-publish","4":"has-post-thumbnail","6":"product_cat-metropolis","8":"first","9":"instock","10":"taxable","11":"shipping-taxable","12":"purchasable","13":"product-type-simple"},"supplier_id":null,"supplier_sku":"","barcode":null,"atum_controlled":true,"out_stock_date":null,"out_stock_threshold":null,"inheritable":false,"inbound_stock":null,"stock_on_hold":null,"sold_today":null,"sales_last_days":null,"reserved_stock":null,"customer_returns":null,"warehouse_damage":null,"lost_in_post":null,"other_logs":null,"out_stock_days":null,"lost_sales":null,"has_location":null,"update_date":null,"atum_locations":[],"atum_stock_status":"instock","restock_status":false,"low_stock_amount":"","sales_update_date":null,"calc_backorders":null,"mi_inventories":[],"multi_inventory":"global","inventory_sorting_mode":"global","inventory_iteration":"global","expirable_inventories":"global","price_per_inventory":"global","show_write_off_inventories":"global","selectable_inventories":"global","selectable_inventories_mode":"global","_links":{"self":[{"href":"https:\/\/www.neoloisirs.com\/en\/wp-json\/wp\/v2\/product\/6402","targetHints":{"allow":["GET"]}}],"collection":[{"href":"https:\/\/www.neoloisirs.com\/en\/wp-json\/wp\/v2\/product"}],"about":[{"href":"https:\/\/www.neoloisirs.com\/en\/wp-json\/wp\/v2\/types\/product"}],"wp:featuredmedia":[{"embeddable":true,"href":"https:\/\/www.neoloisirs.com\/en\/wp-json\/wp\/v2\/media\/6403"}],"wp:attachment":[{"href":"https:\/\/www.neoloisirs.com\/en\/wp-json\/wp\/v2\/media?parent=6402"}],"wp:term":[{"taxonomy":"product_brand","embeddable":true,"href":"https:\/\/www.neoloisirs.com\/en\/wp-json\/wp\/v2\/product_brand?post=6402"},{"taxonomy":"product_cat","embeddable":true,"href":"https:\/\/www.neoloisirs.com\/en\/wp-json\/wp\/v2\/product_cat?post=6402"},{"taxonomy":"product_tag","embeddable":true,"href":"https:\/\/www.neoloisirs.com\/en\/wp-json\/wp\/v2\/product_tag?post=6402"}],"curies":[{"name":"wp","href":"https:\/\/api.w.org\/{rel}","templated":true}]}}